{"id":44,"date":"2026-04-10T22:11:55","date_gmt":"2026-04-10T22:11:55","guid":{"rendered":"https:\/\/csomagologepszerviz.hu\/?page_id=44"},"modified":"2026-04-11T06:35:36","modified_gmt":"2026-04-11T06:35:36","slug":"kosar","status":"publish","type":"page","link":"https:\/\/csomagologepszerviz.hu\/kosar\/","title":{"rendered":"Kos\u00e1r"},"content":{"rendered":"<div class=\"woocommerce\"><div class=\"woocommerce-notices-wrapper\"><\/div><div class=\"wc-empty-cart-message\">\n\t<div class=\"cart-empty woocommerce-info\" role=\"status\">\n\t\tJelenleg \u00fcres a bev\u00e1s\u00e1rl\u00f3kos\u00e1r.\t<\/div>\n<\/div>\t<p class=\"return-to-shop\">\n\t\t<a class=\"button wc-backward\" href=\"https:\/\/csomagologepszerviz.hu\/\">\n\t\t\tV\u00e1s\u00e1rl\u00e1s folytat\u00e1sa\t\t<\/a>\n\t<\/p>\n<\/div>\n","protected":false},"excerpt":{"rendered":"","protected":false},"author":1,"featured_media":0,"parent":0,"menu_order":0,"comment_status":"closed","ping_status":"closed","template":"","meta":{"footnotes":""},"class_list":["post-44","page","type-page","status-publish","hentry"],"blocksy_meta":[],"_links":{"self":[{"href":"https:\/\/csomagologepszerviz.hu\/wp-json\/wp\/v2\/pages\/44","targetHints":{"allow":["GET"]}}],"collection":[{"href":"https:\/\/csomagologepszerviz.hu\/wp-json\/wp\/v2\/pages"}],"about":[{"href":"https:\/\/csomagologepszerviz.hu\/wp-json\/wp\/v2\/types\/page"}],"author":[{"embeddable":true,"href":"https:\/\/csomagologepszerviz.hu\/wp-json\/wp\/v2\/users\/1"}],"replies":[{"embeddable":true,"href":"https:\/\/csomagologepszerviz.hu\/wp-json\/wp\/v2\/comments?post=44"}],"version-history":[{"count":1,"href":"https:\/\/csomagologepszerviz.hu\/wp-json\/wp\/v2\/pages\/44\/revisions"}],"predecessor-version":[{"id":59,"href":"https:\/\/csomagologepszerviz.hu\/wp-json\/wp\/v2\/pages\/44\/revisions\/59"}],"wp:attachment":[{"href":"https:\/\/csomagologepszerviz.hu\/wp-json\/wp\/v2\/media?parent=44"}],"curies":[{"name":"wp","href":"https:\/\/api.w.org\/{rel}","templated":true}]}}